{"id":87,"date":"2020-02-19T11:29:00","date_gmt":"2020-02-19T10:29:00","guid":{"rendered":"https:\/\/www.impresamagini.it\/?page_id=87"},"modified":"2020-06-12T15:21:40","modified_gmt":"2020-06-12T13:21:40","slug":"la-nostra-storia","status":"publish","type":"page","link":"https:\/\/www.impresamagini.it\/it\/la-nostra-storia\/","title":{"rendered":"La Nostra Storia"},"content":{"rendered":"<section class=\"block-two-columns animate\">\n\t<div class=\"grid-container\">\n\t\t<div class=\"grid-x\">\n\t\t\t\t\t<\/div>\n\n\t\t\t\t<div class=\"grid-x grid-margin-x align-justify\">\n\t\t\t<div class=\"cell large-6 medium-6 small-12 left-content expand-content\">\n\t\t\t\t<div class=\"content-tbe\">\n\t\t\t\t\t<p>L\u2019Impresa Magini nasce nel 1959 ad iniziare l\u2019attivit\u00e0 di famiglia che sar\u00e0 poi condotta per 3 generazioni \u00e8 Ferdinando Magini. Iscritta presso la Cassa Edile di Arezzo dal 1963, anno della fondazione dell\u2019Istituto (<a href=\"http:\/\/www.cassaedilearezzo.it\" target=\"_blank\" rel=\"noopener\">Cassa Edile Arezzo<\/a>) l\u2019impresa con sede a Cortona si afferma concretamente nel settore dei restauri dei casali e nella complicata gestione dei cantieri all\u2019interno dei centri storici.<\/p>\n\t\t\t\t<\/div>\n\t\t\t\t<button class=\"read-more\">Continua a leggere &#8230;<\/button>\n\t\t\t<\/div>\n\t\t\t<div class=\"cell large-6 medium-6 small-12 right-content expand-content\">\n\t\t\t\t<div class=\"content-tbe\">\n\t\t\t\t\t<p>Il figlio di Ferdinando, Enzo e sua moglie Gilda assumono la conduzione dell\u2019azienda di famiglia nel 1980 ed implementano l\u2019attivit\u00e0 con la realizzazione di lastricati in pietra nei centri storici. La passione per il Restauro e la Costruzione prosegue con il figlio Igor Michele che, si laurea in Architettura presso l\u2019Universit\u00e0 di Firenze e, alternando lo studio alla presenza in cantiere, diviene Direttore Tecnico dell\u2019azienda nel 2000.<\/p>\n\t\t\t\t<\/div>\n\t\t\t\t<button class=\"read-more\">Continua a leggere &#8230;<\/button>\n\t\t\t<\/div>\n\t\t<\/div>\n\t\t\t<\/div>\n<\/section>\n\n\n<section class=\"block-content animate\">\n\t<div class=\"grid-container\">\n\t\t<div class=\"grid-x\">\n\n\t\t\t\n\n\t\t\t\t<div class=\"block-content-main left-content cell large-6 large-order-1 medium-6 medium-order-1 small-12 small-order-2\">\n\t\t\t\t\t<h2>L&#8217;Azienda Oggi<\/h2>\n<p>Oggi, l\u2019azienda, tra le pi\u00f9 solide e longeve realt\u00e0 nel panorama edile toscano, conta oltre 40 addetti interni con un proprio team di professionisti in rilievo e progettazione. Specializzata in ristrutturazione, restauro e risanamento conservativo di immobili antichi e di pregio anche nei centri storici, nuove costruzioni private ed esecuzioni di appalti pubblici.<\/p>\n\t\t\t\t<\/div>\n\n\t\t\t\t<div class=\"block-content-image right-content cell large-6 large-order-2 large-offset-0 medium-6 medium-order-2 small-12 small-order-1\">\n\t\t\t\t\t\t\t\t\t\t\t<div class=\"picture-right picture-wrapper\">\n\t\t\t\t\t\t\t<button type=\"button\" data-lightbox=\"https:\/\/www.impresamagini.it\/wp-content\/uploads\/2020\/02\/20191002_105137.jpg\">\n\t\t\t\t\t\t\t<img loading=\"lazy\" decoding=\"async\" width=\"1920\" height=\"2062\" src=\"https:\/\/www.impresamagini.it\/wp-content\/uploads\/2020\/02\/20191002_105137.jpg\" class=\"attachment-block-content size-block-content\" alt=\"Impresa Edile Magini a Cortona, Arezzo | Restauro di immobili in Toscana\" srcset=\"https:\/\/www.impresamagini.it\/wp-content\/uploads\/2020\/02\/20191002_105137.jpg 1920w, https:\/\/www.impresamagini.it\/wp-content\/uploads\/2020\/02\/20191002_105137-279x300.jpg 279w, https:\/\/www.impresamagini.it\/wp-content\/uploads\/2020\/02\/20191002_105137-953x1024.jpg 953w, https:\/\/www.impresamagini.it\/wp-content\/uploads\/2020\/02\/20191002_105137-768x825.jpg 768w, https:\/\/www.impresamagini.it\/wp-content\/uploads\/2020\/02\/20191002_105137-1430x1536.jpg 1430w, https:\/\/www.impresamagini.it\/wp-content\/uploads\/2020\/02\/20191002_105137-1907x2048.jpg 1907w\" sizes=\"auto, (max-width: 640px) 100vw, 480px\" \/>\t\t\t\t\t\t\t<\/button>\n\t\t\t\t\t\t\t<div class=\"picture-border\"><\/div>\n\t\t\t\t\t\t<\/div>\n\t\t\t\t\t\t\t\t\t<\/div>\n\n\t\t\t\n\n\t\t<\/div>\n\t<\/div>\n<\/section>\n\n\n<section class=\"block-content animate\">\n\t<div class=\"grid-container\">\n\t\t<div class=\"grid-x\">\n\n\t\t\t\n\t\t\t<div class=\"block-content-image left-content cell large-6 large-order-1 medium-6 medium-order-1 small-12 small-order-1\">\n\t\t\t\t\t\t\t\t\t<div class=\"logo\">\n\t\t\t\t\t\t<button type=\"button\" data-lightbox=\"https:\/\/www.impresamagini.it\/wp-content\/uploads\/2020\/04\/loghi-ance-cassa-edile-arezzo.jpg\">\n\t\t\t\t\t\t<img loading=\"lazy\" decoding=\"async\" width=\"1771\" height=\"290\" src=\"https:\/\/www.impresamagini.it\/wp-content\/uploads\/2020\/04\/loghi-ance-cassa-edile-arezzo.jpg\" class=\"attachment-block-content size-block-content\" alt=\"Impresa Edile Magini a Cortona, Arezzo | Restauro di immobili in Toscana\" srcset=\"https:\/\/www.impresamagini.it\/wp-content\/uploads\/2020\/04\/loghi-ance-cassa-edile-arezzo.jpg 1771w, https:\/\/www.impresamagini.it\/wp-content\/uploads\/2020\/04\/loghi-ance-cassa-edile-arezzo-300x49.jpg 300w, https:\/\/www.impresamagini.it\/wp-content\/uploads\/2020\/04\/loghi-ance-cassa-edile-arezzo-1024x168.jpg 1024w, https:\/\/www.impresamagini.it\/wp-content\/uploads\/2020\/04\/loghi-ance-cassa-edile-arezzo-768x126.jpg 768w, https:\/\/www.impresamagini.it\/wp-content\/uploads\/2020\/04\/loghi-ance-cassa-edile-arezzo-1536x252.jpg 1536w\" sizes=\"auto, (max-width: 640px) 100vw, 480px\" \/>\t\t\t\t\t\t<\/button>\n\t\t\t\t\t<\/div>\n\t\t\t\t\t\t\t<\/div>\n\n\t\t\t<div class=\"block-content-main right-content cell large large-offset-0 large-order-2 medium-6 medium-order-2 small-12 small-order-2\">\n\t\t\t\t<h2>Ruoli Istituzionali<\/h2>\n<p>Dal 2013 l\u2019Arch. Igor Michele Magini riveste la carica di presidente di Confindustria Arezzo \u2013 Sezione Edile Ance (<a href=\"http:\/\/www.arezzo.ance.it\" target=\"_blank\" rel=\"noopener\">Associazione Nazionale Costruttori Edili<\/a>) ed \u00e8 stato eletto Presidente della Cassa Edile della Provincia di Arezzo nel Novembre 2018.<\/p>\n<p>Rassegna Stampa:<\/p>\n<p><a href=\"http:\/\/toscana24.ilsole24ore.com\/art\/oggi\/2018-11-07\/magini-presidente-cassa-edile-174437.php?uuid=gSLAjH96sC\" target=\"_blank\" rel=\"noopener\">Magini presidente di Cassa Edile Arezzo<\/a><\/p>\n<p><a href=\"http:\/\/toscana24.ilsole24ore.com\/art\/oggi\/2016-09-30\/igor-magini-ancora-guida-165012.php?uuid=gSLAenaV2B\" target=\"_blank\" rel=\"noopener\">Igor Magini ancora alla guida di Ance Arezzo<\/a><\/p>\n\t\t\t<\/div>\n\n\t\t\t\n\n\t\t<\/div>\n\t<\/div>\n<\/section>\n\n\n<section class=\"block-certification animate\">\n\t<div class=\"grid-container\">\n\t\t<div class=\"grid-x grid-padding-x align-middle align-justify certification-wrapper\">\n\n\t\t\t<div class=\"cell large-auto medium-12 small-12\">\n\t\t\t\t<div class=\"grid-x grid-padding-x align-center-middle\">\n\t\t\t\t\t<div class=\"cell large-12 medium-12 small-12\">\n\t\t\t\t\t\t<p><a href=\"\">Azienda Certificata:<\/a><\/p>\n\t\t\t\t\t<\/div>\n\t\t\t\t\t\t\t\t\t\t<div class=\"cell large-shrink medium-shrink small-shrink\">\n\t\t\t\t\t\t<picture>\n\t\t\t\t\t\t\t<img loading=\"lazy\" decoding=\"async\" width=\"100\" height=\"100\" src=\"https:\/\/www.impresamagini.it\/wp-content\/uploads\/2020\/02\/OHSAS.png\" class=\"attachment-medium size-medium\" alt=\"Impresa Edile Magini a Cortona, AR | Restauro di immobili in Toscana\" \/>\t\t\t\t\t\t<\/picture>\n\t\t\t\t\t<\/div>\n\t\t\t\t\t\t\t\t\t\t<div class=\"cell large-shrink medium-shrink small-shrink\">\n\t\t\t\t\t\t<picture>\n\t\t\t\t\t\t\t<img loading=\"lazy\" decoding=\"async\" width=\"100\" height=\"100\" src=\"https:\/\/www.impresamagini.it\/wp-content\/uploads\/2020\/02\/ISO9001.png\" class=\"attachment-medium size-medium\" alt=\"Impresa Edile Magini a Cortona, Arezzo | Restauro di immobili in Toscana\" \/>\t\t\t\t\t\t<\/picture>\n\t\t\t\t\t<\/div>\n\t\t\t\t\t\t\t\t\t\t<div class=\"cell large-shrink medium-shrink small-shrink\">\n\t\t\t\t\t\t<picture>\n\t\t\t\t\t\t\t<img loading=\"lazy\" decoding=\"async\" width=\"112\" height=\"112\" src=\"https:\/\/www.impresamagini.it\/wp-content\/uploads\/2020\/04\/agcm.jpg\" class=\"attachment-medium size-medium\" alt=\"\" \/>\t\t\t\t\t\t<\/picture>\n\t\t\t\t\t<\/div>\n\t\t\t\t\t\t\t\t\t\t<div class=\"cell large-shrink medium-shrink small-shrink\">\n\t\t\t\t\t\t<picture>\n\t\t\t\t\t\t\t<img loading=\"lazy\" decoding=\"async\" width=\"300\" height=\"89\" src=\"https:\/\/www.impresamagini.it\/wp-content\/uploads\/2020\/02\/CQOP-300x89.png\" class=\"attachment-medium size-medium\" alt=\"Impresa Edile Magini a Cortona, Arezzo | Restauro di immobili in Toscana\" srcset=\"https:\/\/www.impresamagini.it\/wp-content\/uploads\/2020\/02\/CQOP-300x89.png 300w, https:\/\/www.impresamagini.it\/wp-content\/uploads\/2020\/02\/CQOP.png 336w\" sizes=\"auto, (max-width: 300px) 100vw, 300px\" \/>\t\t\t\t\t\t<\/picture>\n\t\t\t\t\t<\/div>\n\t\t\t\t\t\t\t\t\t<\/div>\n\t\t\t<\/div>\n\n\t\t\t<div class=\"cell large-auto medium-12 small-12\">\n\t\t\t\t<div class=\"grid-x grid-padding-x grid-margin-x align-center-middle\">\n\t\t\t\t\t<div class=\"cell large-12 medium-12 small-12\">\n\t\t\t\t\t\t<p><a href=\"\">Ruoli istituzionali:<\/a><\/p>\n\t\t\t\t\t<\/div>\n\t\t\t\t\t\t\t\t\t\t<div class=\"cell large-shrink medium-shrink small-shrink\">\n\t\t\t\t\t\t<picture>\n\t\t\t\t\t\t\t<img loading=\"lazy\" decoding=\"async\" width=\"190\" height=\"107\" src=\"https:\/\/www.impresamagini.it\/wp-content\/uploads\/2020\/04\/cassa-edile-arezzo.jpg\" class=\"attachment-medium size-medium\" alt=\"\" \/>\t\t\t\t\t\t<\/picture>\n\t\t\t\t\t<\/div>\n\t\t\t\t\t\t\t\t\t\t<div class=\"cell large-shrink medium-shrink small-shrink\">\n\t\t\t\t\t\t<picture>\n\t\t\t\t\t\t\t<img loading=\"lazy\" decoding=\"async\" width=\"190\" height=\"107\" src=\"https:\/\/www.impresamagini.it\/wp-content\/uploads\/2020\/04\/ance-arezzo.jpg\" class=\"attachment-medium size-medium\" alt=\"\" \/>\t\t\t\t\t\t<\/picture>\n\t\t\t\t\t<\/div>\n\t\t\t\t\t\t\t\t\t<\/div>\n\t\t\t<\/div>\n\n\t\t<\/div>\n\t<\/div>\n<\/section>\n","protected":false},"excerpt":{"rendered":"","protected":false},"author":6,"featured_media":246,"parent":0,"menu_order":0,"comment_status":"closed","ping_status":"closed","template":"","meta":{"_acf_changed":false,"_monsterinsights_skip_tracking":false,"_monsterinsights_sitenote_active":false,"_monsterinsights_sitenote_note":"","_monsterinsights_sitenote_category":0,"footnotes":""},"class_list":["post-87","page","type-page","status-publish","has-post-thumbnail","hentry"],"acf":[],"yoast_head":"<!-- This site is optimized with the Yoast SEO plugin v23.9 - https:\/\/yoast.com\/wordpress\/plugins\/seo\/ -->\n<title>Azienda edile in Toscana | Ristrutturazioni e costruzioni ad Arezzo<\/title>\n<meta name=\"description\" content=\"Azienda edile per lavori edili a Siena e Arezzo per restauri di immobili antichi e di pregio, ristrutturazioni, sistemazione solai, risanamento conservativo, demolizione, nuove costruzioni e compravendita di immobili.\" \/>\n<meta name=\"robots\" content=\"index, follow, max-snippet:-1, max-image-preview:large, max-video-preview:-1\" \/>\n<link rel=\"canonical\" href=\"https:\/\/www.impresamagini.it\/it\/la-nostra-storia\/\" \/>\n<meta property=\"og:locale\" content=\"it_IT\" \/>\n<meta property=\"og:type\" content=\"article\" \/>\n<meta property=\"og:title\" content=\"Azienda edile in Toscana | Ristrutturazioni e costruzioni ad Arezzo\" \/>\n<meta property=\"og:description\" content=\"Azienda edile per lavori edili a Siena e Arezzo per restauri di immobili antichi e di pregio, ristrutturazioni, sistemazione solai, risanamento conservativo, demolizione, nuove costruzioni e compravendita di immobili.\" \/>\n<meta property=\"og:url\" content=\"https:\/\/www.impresamagini.it\/it\/la-nostra-storia\/\" \/>\n<meta property=\"og:site_name\" content=\"Impresa Edile Magini\" \/>\n<meta property=\"article:modified_time\" content=\"2020-06-12T13:21:40+00:00\" \/>\n<meta property=\"og:image\" content=\"https:\/\/www.impresamagini.it\/wp-content\/uploads\/2020\/02\/1.jpg\" \/>\n\t<meta property=\"og:image:width\" content=\"1920\" \/>\n\t<meta property=\"og:image:height\" content=\"1281\" \/>\n\t<meta property=\"og:image:type\" content=\"image\/jpeg\" \/>\n<meta name=\"twitter:card\" content=\"summary_large_image\" \/>\n<script type=\"application\/ld+json\" class=\"yoast-schema-graph\">{\"@context\":\"https:\/\/schema.org\",\"@graph\":[{\"@type\":\"WebPage\",\"@id\":\"https:\/\/www.impresamagini.it\/it\/la-nostra-storia\/\",\"url\":\"https:\/\/www.impresamagini.it\/it\/la-nostra-storia\/\",\"name\":\"Azienda edile in Toscana | Ristrutturazioni e costruzioni ad Arezzo\",\"isPartOf\":{\"@id\":\"https:\/\/www.impresamagini.it\/it\/#website\"},\"primaryImageOfPage\":{\"@id\":\"https:\/\/www.impresamagini.it\/it\/la-nostra-storia\/#primaryimage\"},\"image\":{\"@id\":\"https:\/\/www.impresamagini.it\/it\/la-nostra-storia\/#primaryimage\"},\"thumbnailUrl\":\"https:\/\/www.impresamagini.it\/wp-content\/uploads\/2020\/02\/1.jpg\",\"datePublished\":\"2020-02-19T10:29:00+00:00\",\"dateModified\":\"2020-06-12T13:21:40+00:00\",\"description\":\"Azienda edile per lavori edili a Siena e Arezzo per restauri di immobili antichi e di pregio, ristrutturazioni, sistemazione solai, risanamento conservativo, demolizione, nuove costruzioni e compravendita di immobili.\",\"breadcrumb\":{\"@id\":\"https:\/\/www.impresamagini.it\/it\/la-nostra-storia\/#breadcrumb\"},\"inLanguage\":\"it-IT\",\"potentialAction\":[{\"@type\":\"ReadAction\",\"target\":[\"https:\/\/www.impresamagini.it\/it\/la-nostra-storia\/\"]}]},{\"@type\":\"ImageObject\",\"inLanguage\":\"it-IT\",\"@id\":\"https:\/\/www.impresamagini.it\/it\/la-nostra-storia\/#primaryimage\",\"url\":\"https:\/\/www.impresamagini.it\/wp-content\/uploads\/2020\/02\/1.jpg\",\"contentUrl\":\"https:\/\/www.impresamagini.it\/wp-content\/uploads\/2020\/02\/1.jpg\",\"width\":1920,\"height\":1281,\"caption\":\"Impresa Edile Magini a Cortona, Arezzo | Restauro di immobili in Toscana\"},{\"@type\":\"BreadcrumbList\",\"@id\":\"https:\/\/www.impresamagini.it\/it\/la-nostra-storia\/#breadcrumb\",\"itemListElement\":[{\"@type\":\"ListItem\",\"position\":1,\"name\":\"Home\",\"item\":\"https:\/\/www.impresamagini.it\/it\/\"},{\"@type\":\"ListItem\",\"position\":2,\"name\":\"La Nostra Storia\"}]},{\"@type\":\"WebSite\",\"@id\":\"https:\/\/www.impresamagini.it\/it\/#website\",\"url\":\"https:\/\/www.impresamagini.it\/it\/\",\"name\":\"Impresa Edile Magini\",\"description\":\"Impresa Edile Magini a Cortona, Arezzo | Restauro di immobili in Toscana\",\"potentialAction\":[{\"@type\":\"SearchAction\",\"target\":{\"@type\":\"EntryPoint\",\"urlTemplate\":\"https:\/\/www.impresamagini.it\/it\/?s={search_term_string}\"},\"query-input\":{\"@type\":\"PropertyValueSpecification\",\"valueRequired\":true,\"valueName\":\"search_term_string\"}}],\"inLanguage\":\"it-IT\"}]}<\/script>\n<!-- \/ Yoast SEO plugin. -->","yoast_head_json":{"title":"Azienda edile in Toscana | Ristrutturazioni e costruzioni ad Arezzo","description":"Azienda edile per lavori edili a Siena e Arezzo per restauri di immobili antichi e di pregio, ristrutturazioni, sistemazione solai, risanamento conservativo, demolizione, nuove costruzioni e compravendita di immobili.","robots":{"index":"index","follow":"follow","max-snippet":"max-snippet:-1","max-image-preview":"max-image-preview:large","max-video-preview":"max-video-preview:-1"},"canonical":"https:\/\/www.impresamagini.it\/it\/la-nostra-storia\/","og_locale":"it_IT","og_type":"article","og_title":"Azienda edile in Toscana | Ristrutturazioni e costruzioni ad Arezzo","og_description":"Azienda edile per lavori edili a Siena e Arezzo per restauri di immobili antichi e di pregio, ristrutturazioni, sistemazione solai, risanamento conservativo, demolizione, nuove costruzioni e compravendita di immobili.","og_url":"https:\/\/www.impresamagini.it\/it\/la-nostra-storia\/","og_site_name":"Impresa Edile Magini","article_modified_time":"2020-06-12T13:21:40+00:00","og_image":[{"width":1920,"height":1281,"url":"https:\/\/www.impresamagini.it\/wp-content\/uploads\/2020\/02\/1.jpg","type":"image\/jpeg"}],"twitter_card":"summary_large_image","schema":{"@context":"https:\/\/schema.org","@graph":[{"@type":"WebPage","@id":"https:\/\/www.impresamagini.it\/it\/la-nostra-storia\/","url":"https:\/\/www.impresamagini.it\/it\/la-nostra-storia\/","name":"Azienda edile in Toscana | Ristrutturazioni e costruzioni ad Arezzo","isPartOf":{"@id":"https:\/\/www.impresamagini.it\/it\/#website"},"primaryImageOfPage":{"@id":"https:\/\/www.impresamagini.it\/it\/la-nostra-storia\/#primaryimage"},"image":{"@id":"https:\/\/www.impresamagini.it\/it\/la-nostra-storia\/#primaryimage"},"thumbnailUrl":"https:\/\/www.impresamagini.it\/wp-content\/uploads\/2020\/02\/1.jpg","datePublished":"2020-02-19T10:29:00+00:00","dateModified":"2020-06-12T13:21:40+00:00","description":"Azienda edile per lavori edili a Siena e Arezzo per restauri di immobili antichi e di pregio, ristrutturazioni, sistemazione solai, risanamento conservativo, demolizione, nuove costruzioni e compravendita di immobili.","breadcrumb":{"@id":"https:\/\/www.impresamagini.it\/it\/la-nostra-storia\/#breadcrumb"},"inLanguage":"it-IT","potentialAction":[{"@type":"ReadAction","target":["https:\/\/www.impresamagini.it\/it\/la-nostra-storia\/"]}]},{"@type":"ImageObject","inLanguage":"it-IT","@id":"https:\/\/www.impresamagini.it\/it\/la-nostra-storia\/#primaryimage","url":"https:\/\/www.impresamagini.it\/wp-content\/uploads\/2020\/02\/1.jpg","contentUrl":"https:\/\/www.impresamagini.it\/wp-content\/uploads\/2020\/02\/1.jpg","width":1920,"height":1281,"caption":"Impresa Edile Magini a Cortona, Arezzo | Restauro di immobili in Toscana"},{"@type":"BreadcrumbList","@id":"https:\/\/www.impresamagini.it\/it\/la-nostra-storia\/#breadcrumb","itemListElement":[{"@type":"ListItem","position":1,"name":"Home","item":"https:\/\/www.impresamagini.it\/it\/"},{"@type":"ListItem","position":2,"name":"La Nostra Storia"}]},{"@type":"WebSite","@id":"https:\/\/www.impresamagini.it\/it\/#website","url":"https:\/\/www.impresamagini.it\/it\/","name":"Impresa Edile Magini","description":"Impresa Edile Magini a Cortona, Arezzo | Restauro di immobili in Toscana","potentialAction":[{"@type":"SearchAction","target":{"@type":"EntryPoint","urlTemplate":"https:\/\/www.impresamagini.it\/it\/?s={search_term_string}"},"query-input":{"@type":"PropertyValueSpecification","valueRequired":true,"valueName":"search_term_string"}}],"inLanguage":"it-IT"}]}},"_links":{"self":[{"href":"https:\/\/www.impresamagini.it\/it\/wp-json\/wp\/v2\/pages\/87","targetHints":{"allow":["GET"]}}],"collection":[{"href":"https:\/\/www.impresamagini.it\/it\/wp-json\/wp\/v2\/pages"}],"about":[{"href":"https:\/\/www.impresamagini.it\/it\/wp-json\/wp\/v2\/types\/page"}],"author":[{"embeddable":true,"href":"https:\/\/www.impresamagini.it\/it\/wp-json\/wp\/v2\/users\/6"}],"replies":[{"embeddable":true,"href":"https:\/\/www.impresamagini.it\/it\/wp-json\/wp\/v2\/comments?post=87"}],"version-history":[{"count":27,"href":"https:\/\/www.impresamagini.it\/it\/wp-json\/wp\/v2\/pages\/87\/revisions"}],"predecessor-version":[{"id":1385,"href":"https:\/\/www.impresamagini.it\/it\/wp-json\/wp\/v2\/pages\/87\/revisions\/1385"}],"wp:featuredmedia":[{"embeddable":true,"href":"https:\/\/www.impresamagini.it\/it\/wp-json\/wp\/v2\/media\/246"}],"wp:attachment":[{"href":"https:\/\/www.impresamagini.it\/it\/wp-json\/wp\/v2\/media?parent=87"}],"curies":[{"name":"wp","href":"https:\/\/api.w.org\/{rel}","templated":true}]}}