{"id":5,"date":"2019-11-25T20:12:44","date_gmt":"2019-11-25T19:12:44","guid":{"rendered":"https:\/\/www.impresamagini.it\/?page_id=5"},"modified":"2024-11-29T18:44:20","modified_gmt":"2024-11-29T17:44:20","slug":"home-page","status":"publish","type":"page","link":"https:\/\/www.impresamagini.it\/it\/","title":{"rendered":"Home Page"},"content":{"rendered":"<div class=\"cell-large-10\">\n\t<blockquote>\n\t\t<span>Il divenire \u00e8 successione di genti, uomini che cambiano nella fisicit\u00e0 e nei costumi, solo il luogo \u00e8 un teatro fermo. La Piazza. \u00c8 il 1959 ed \u00e8 mattina presto, e c\u2019\u00e8 Ferdinando Magini, \u00e8 il 1980 e  c\u2019\u00e8 il figlio Enzo, \u00e8 il 1999 e poi, \u00e8 ancora stamani e c\u2019\u00e8 Igor, nipote di Ferdinando, ed \u00e8 sempre la Piazza, \u00e8 da \u201cLei\u201d che parte \u201cil cantiere\u201d.  Direttive, gruppi, dettagli, cos\u00ec inizia la giornata.<\/span>\n\t\t<cite>Impresa Magini\t\t\t\t\t<\/cite>\n\t<\/blockquote>\n<\/div>\n\n\n<section class=\"block-two-columns animate\">\n\t<div class=\"grid-container\">\n\t\t<div class=\"grid-x\">\n\t\t\t\t\t<\/div>\n\n\t\t\t\t<div class=\"grid-x grid-margin-x align-justify\">\n\t\t\t<div class=\"cell large-6 medium-6 small-12 left-content expand-content\">\n\t\t\t\t<div class=\"content-tbe\">\n\t\t\t\t\t<h2>La Nostra Storia<\/h2>\n<p>Crediamo che la nostra passione per la Progettazione ed il Restauro possa contribuire ad uno sviluppo armonico tra presente tecnologico e conservazione, pensando che certe attivit\u00e0 economiche, per dove si radicano, per come operano, continuino a raccontare il <span title=\"Con la locuzione di\u00a0genius loci\u00a0si intende individuare l'insieme delle caratteristiche socio-culturali, architettoniche, di linguaggio, di abitudini che caratterizzano un luogo, un ambiente, una\u00a0citt\u00e0. Un termine quindi trasversale, che riguarda le caratteristiche proprie di un ambiente interlacciate con l'uomo e le abitudini con cui vive questo ambiente. Suole indicare il 'carattere' di un\u00a0luogo, legato a doppio filo alle peculiari caratteristiche che in esso si affermano, includendovi opere (siano esse materiali o\u00a0immateriali) cos\u00ec come\u00a0enti\u00a0e individui cui i fruitori associano un particolare legame\u00a0storico-culturale\u00a0che rende unico e immediatamente riconoscibile tal luogo agli occhi del\u00a0mondo.\" data-tooltip=\"\">\u201cgenio di un luogo\u201d<\/span>.<\/p>\n<p style=\"text-align: center\"><a class=\"button\" href=\"https:\/\/www.impresamagini.it\/la-nostra-storia\/\">la nostra storia<\/a><\/p>\n\t\t\t\t<\/div>\n\t\t\t\t<button class=\"read-more\">Continua a leggere &#8230;<\/button>\n\t\t\t<\/div>\n\t\t\t<div class=\"cell large-6 medium-6 small-12 right-content expand-content\">\n\t\t\t\t<div class=\"content-tbe\">\n\t\t\t\t\t<h2>Professionalit\u00e0 certificata<\/h2>\n<p>L\u2019Architetto Igor M. Magini assume, su richiesta, il ruolo di <strong>\u201cGeneral Contractor\u201d<\/strong>, selezionando e coordinando aziende e professionisti nello svolgimento del cantiere, ed \u00e8 unico referente e responsabile per il cliente.<\/p>\n<p>L\u2019azienda esegue continui aggiornamenti a garanzia della sicurezza sul lavoro, della salute dei propri addetti e soprattutto della tranquillit\u00e0 del committente che vorr\u00e0 scegliere l\u2019Impresa Magini come esecutrice dei propri lavori di costruzione o restauro.<\/p>\n\t\t\t\t<\/div>\n\t\t\t\t<button class=\"read-more\">Continua a leggere &#8230;<\/button>\n\t\t\t<\/div>\n\t\t<\/div>\n\t\t\t<\/div>\n<\/section>\n\n\n<section class=\"block-menu animate\">\n\t<div class=\"grid-container\">\n\t\t<div class=\"grid-x\">\n\n\t\t\t\t\t\t<div class=\"cell large-6 medium-6 small-12 block-menu-el\">\n\t\t\t\t<a href=\"https:\/\/www.impresamagini.it\/it\/il-restauro\/\">\n          \t\t\t<span class=\"el-icon\">\n\t\t\t\t\t\t<img decoding=\"async\" src=\"https:\/\/www.impresamagini.it\/wp-content\/uploads\/2020\/04\/restauri.png\" \/>\n        \t\t\t<\/span>\n\n\t\t\t\t\t<h3 class=\"el-title\">\n\t\t\t\t\t\tRestauro\t\t\t\t\t<\/h3>\n\t\t\t\t\t<p class=\"el-content\">\n\t\t\t\t\t\tChi si accinge al Restauro di un immobile, ha come obiettivo l\u2019esaltazione delle caratteristiche di bellezza che hanno determinato in lui  la voglia  e la necessit\u00e0  di intervenire.\t\t\t\t\t<\/p>\n\t\t\t\t<\/a>\n\t\t\t<\/div>\n\t\t\t\t\t\t<div class=\"cell large-6 medium-6 small-12 block-menu-el\">\n\t\t\t\t<a href=\"https:\/\/www.impresamagini.it\/it\/costruzioni\/\">\n          \t\t\t<span class=\"el-icon\">\n\t\t\t\t\t\t<img decoding=\"async\" src=\"https:\/\/www.impresamagini.it\/wp-content\/uploads\/2020\/04\/apalti-pubblici.png\" \/>\n        \t\t\t<\/span>\n\n\t\t\t\t\t<h3 class=\"el-title\">\n\t\t\t\t\t\tCostruzioni e Appalti Pubblici\t\t\t\t\t<\/h3>\n\t\t\t\t\t<p class=\"el-content\">\n\t\t\t\t\t\tLe costruzioni  sono oggi  assimilabili a  \u201cmacchine perfette\u201d: insieme di componenti capaci di armonizzare bellezza, struttura, efficientamento energetico e  confort.\t\t\t\t\t<\/p>\n\t\t\t\t<\/a>\n\t\t\t<\/div>\n\t\t\t\t\t\t<div class=\"cell large-6 medium-6 small-12 block-menu-el\">\n\t\t\t\t<a href=\"https:\/\/www.impresamagini.it\/it\/certificazioni\/\">\n          \t\t\t<span class=\"el-icon\">\n\t\t\t\t\t\t<img decoding=\"async\" src=\"https:\/\/www.impresamagini.it\/wp-content\/uploads\/2020\/05\/certificazioni-2.png\" \/>\n        \t\t\t<\/span>\n\n\t\t\t\t\t<h3 class=\"el-title\">\n\t\t\t\t\t\tCertificazioni\t\t\t\t\t<\/h3>\n\t\t\t\t\t<p class=\"el-content\">\n\t\t\t\t\t\tRistrutturazione Immobili di Interesse Storico sottoposti a Tutela. Categorie Lavori Pubblici  SOA OG1 CLASSE III\/BIS ed OG2 CLASSE V. Rating di Legalit\u00e0.\t\t\t\t\t<\/p>\n\t\t\t\t<\/a>\n\t\t\t<\/div>\n\t\t\t\t\t\t<div class=\"cell large-6 medium-6 small-12 block-menu-el\">\n\t\t\t\t<a href=\"https:\/\/www.impresamagini.it\/it\/progettazione-e-assistenza\/\">\n          \t\t\t<span class=\"el-icon\">\n\t\t\t\t\t\t<img decoding=\"async\" src=\"https:\/\/www.impresamagini.it\/wp-content\/uploads\/2020\/04\/progettazione.png\" \/>\n        \t\t\t<\/span>\n\n\t\t\t\t\t<h3 class=\"el-title\">\n\t\t\t\t\t\tProgettazione e assistenza\t\t\t\t\t<\/h3>\n\t\t\t\t\t<p class=\"el-content\">\n\t\t\t\t\t\tOltre 40 addetti, un proprio team di tecnici per rilievo e progettazione, pratiche autorizzative, gestione cantiere, General contractor, assistenza post-lavori.\t\t\t\t\t<\/p>\n\t\t\t\t<\/a>\n\t\t\t<\/div>\n\t\t\t\t\t<\/div>\n\t<\/div>\n<\/section>\n\n\n<section class=\"block-certification animate\">\n\t<div class=\"grid-container\">\n\t\t<div class=\"grid-x grid-padding-x align-middle align-justify certification-wrapper\">\n\n\t\t\t<div class=\"cell large-auto medium-12 small-12\">\n\t\t\t\t<div class=\"grid-x grid-padding-x align-center-middle\">\n\t\t\t\t\t<div class=\"cell large-12 medium-12 small-12\">\n\t\t\t\t\t\t<p><a href=\"\">Azienda Certificata:<\/a><\/p>\n\t\t\t\t\t<\/div>\n\t\t\t\t\t\t\t\t\t\t<div class=\"cell large-shrink medium-shrink small-shrink\">\n\t\t\t\t\t\t<picture>\n\t\t\t\t\t\t\t<img loading=\"lazy\" decoding=\"async\" width=\"100\" height=\"100\" src=\"https:\/\/www.impresamagini.it\/wp-content\/uploads\/2020\/02\/OHSAS.png\" class=\"attachment-medium size-medium\" alt=\"Impresa Edile Magini a Cortona, AR | Restauro di immobili in Toscana\" \/>\t\t\t\t\t\t<\/picture>\n\t\t\t\t\t<\/div>\n\t\t\t\t\t\t\t\t\t\t<div class=\"cell large-shrink medium-shrink small-shrink\">\n\t\t\t\t\t\t<picture>\n\t\t\t\t\t\t\t<img loading=\"lazy\" decoding=\"async\" width=\"100\" height=\"100\" src=\"https:\/\/www.impresamagini.it\/wp-content\/uploads\/2020\/02\/ISO9001.png\" class=\"attachment-medium size-medium\" alt=\"Impresa Edile Magini a Cortona, Arezzo | Restauro di immobili in Toscana\" \/>\t\t\t\t\t\t<\/picture>\n\t\t\t\t\t<\/div>\n\t\t\t\t\t\t\t\t\t\t<div class=\"cell large-shrink medium-shrink small-shrink\">\n\t\t\t\t\t\t<picture>\n\t\t\t\t\t\t\t<img loading=\"lazy\" decoding=\"async\" width=\"112\" height=\"112\" src=\"https:\/\/www.impresamagini.it\/wp-content\/uploads\/2020\/04\/agcm.jpg\" class=\"attachment-medium size-medium\" alt=\"\" \/>\t\t\t\t\t\t<\/picture>\n\t\t\t\t\t<\/div>\n\t\t\t\t\t\t\t\t\t\t<div class=\"cell large-shrink medium-shrink small-shrink\">\n\t\t\t\t\t\t<picture>\n\t\t\t\t\t\t\t<img loading=\"lazy\" decoding=\"async\" width=\"300\" height=\"89\" src=\"https:\/\/www.impresamagini.it\/wp-content\/uploads\/2020\/02\/CQOP-300x89.png\" class=\"attachment-medium size-medium\" alt=\"Impresa Edile Magini a Cortona, Arezzo | Restauro di immobili in Toscana\" srcset=\"https:\/\/www.impresamagini.it\/wp-content\/uploads\/2020\/02\/CQOP-300x89.png 300w, https:\/\/www.impresamagini.it\/wp-content\/uploads\/2020\/02\/CQOP.png 336w\" sizes=\"auto, (max-width: 300px) 100vw, 300px\" \/>\t\t\t\t\t\t<\/picture>\n\t\t\t\t\t<\/div>\n\t\t\t\t\t\t\t\t\t<\/div>\n\t\t\t<\/div>\n\n\t\t\t<div class=\"cell large-auto medium-12 small-12\">\n\t\t\t\t<div class=\"grid-x grid-padding-x grid-margin-x align-center-middle\">\n\t\t\t\t\t<div class=\"cell large-12 medium-12 small-12\">\n\t\t\t\t\t\t<p><a href=\"\">Ruoli istituzionali:<\/a><\/p>\n\t\t\t\t\t<\/div>\n\t\t\t\t\t\t\t\t\t\t<div class=\"cell large-shrink medium-shrink small-shrink\">\n\t\t\t\t\t\t<picture>\n\t\t\t\t\t\t\t<img loading=\"lazy\" decoding=\"async\" width=\"190\" height=\"107\" src=\"https:\/\/www.impresamagini.it\/wp-content\/uploads\/2020\/04\/cassa-edile-arezzo.jpg\" class=\"attachment-medium size-medium\" alt=\"\" \/>\t\t\t\t\t\t<\/picture>\n\t\t\t\t\t<\/div>\n\t\t\t\t\t\t\t\t\t\t<div class=\"cell large-shrink medium-shrink small-shrink\">\n\t\t\t\t\t\t<picture>\n\t\t\t\t\t\t\t<img loading=\"lazy\" decoding=\"async\" width=\"190\" height=\"107\" src=\"https:\/\/www.impresamagini.it\/wp-content\/uploads\/2020\/04\/ance-arezzo.jpg\" class=\"attachment-medium size-medium\" alt=\"\" \/>\t\t\t\t\t\t<\/picture>\n\t\t\t\t\t<\/div>\n\t\t\t\t\t\t\t\t\t<\/div>\n\t\t\t<\/div>\n\n\t\t<\/div>\n\t<\/div>\n<\/section>\n","protected":false},"excerpt":{"rendered":"","protected":false},"author":1,"featured_media":0,"parent":0,"menu_order":0,"comment_status":"closed","ping_status":"closed","template":"templates\/home-site.php","meta":{"_acf_changed":false,"_monsterinsights_skip_tracking":false,"_monsterinsights_sitenote_active":false,"_monsterinsights_sitenote_note":"","_monsterinsights_sitenote_category":0,"footnotes":""},"class_list":["post-5","page","type-page","status-publish","hentry"],"acf":[],"yoast_head":"<!-- This site is optimized with the Yoast SEO plugin v23.9 - https:\/\/yoast.com\/wordpress\/plugins\/seo\/ -->\n<title>Impresa Edile Magini a Cortona, Arezzo | Restauro di immobili in Toscana<\/title>\n<meta name=\"description\" content=\"Restauro immobili d\u2019epoca, ristrutturazione, costruzione di edifici civili e industriali, progettazione, assistenza tecnica di cantiere, edilizia stradale e appalti pubblici in Toscana e Umbria.\" \/>\n<meta name=\"robots\" content=\"index, follow, max-snippet:-1, max-image-preview:large, max-video-preview:-1\" \/>\n<link rel=\"canonical\" href=\"https:\/\/www.impresamagini.it\/it\/\" \/>\n<meta property=\"og:locale\" content=\"it_IT\" \/>\n<meta property=\"og:type\" content=\"article\" \/>\n<meta property=\"og:title\" content=\"Impresa Edile Magini a Cortona, Arezzo | Restauro di immobili in Toscana\" \/>\n<meta property=\"og:description\" content=\"Restauro immobili d\u2019epoca, ristrutturazione, costruzione di edifici civili e industriali, progettazione, assistenza tecnica di cantiere, edilizia stradale e appalti pubblici in Toscana e Umbria.\" \/>\n<meta property=\"og:url\" content=\"https:\/\/www.impresamagini.it\/it\/\" \/>\n<meta property=\"og:site_name\" content=\"Impresa Edile Magini\" \/>\n<meta property=\"article:modified_time\" content=\"2024-11-29T17:44:20+00:00\" \/>\n<meta name=\"twitter:card\" content=\"summary_large_image\" \/>\n<meta name=\"twitter:label1\" content=\"Tempo di lettura stimato\" \/>\n\t<meta name=\"twitter:data1\" content=\"6 minuti\" \/>\n<script type=\"application\/ld+json\" class=\"yoast-schema-graph\">{\"@context\":\"https:\/\/schema.org\",\"@graph\":[{\"@type\":\"WebPage\",\"@id\":\"https:\/\/www.impresamagini.it\/it\/\",\"url\":\"https:\/\/www.impresamagini.it\/it\/\",\"name\":\"Impresa Edile Magini a Cortona, Arezzo | Restauro di immobili in Toscana\",\"isPartOf\":{\"@id\":\"https:\/\/www.impresamagini.it\/it\/#website\"},\"datePublished\":\"2019-11-25T19:12:44+00:00\",\"dateModified\":\"2024-11-29T17:44:20+00:00\",\"description\":\"Restauro immobili d\u2019epoca, ristrutturazione, costruzione di edifici civili e industriali, progettazione, assistenza tecnica di cantiere, edilizia stradale e appalti pubblici in Toscana e Umbria.\",\"breadcrumb\":{\"@id\":\"https:\/\/www.impresamagini.it\/it\/#breadcrumb\"},\"inLanguage\":\"it-IT\",\"potentialAction\":[{\"@type\":\"ReadAction\",\"target\":[\"https:\/\/www.impresamagini.it\/it\/\"]}]},{\"@type\":\"BreadcrumbList\",\"@id\":\"https:\/\/www.impresamagini.it\/it\/#breadcrumb\",\"itemListElement\":[{\"@type\":\"ListItem\",\"position\":1,\"name\":\"Home\",\"item\":\"https:\/\/www.impresamagini.it\/it\/\"},{\"@type\":\"ListItem\",\"position\":2,\"name\":\"Home Page\"}]},{\"@type\":\"WebSite\",\"@id\":\"https:\/\/www.impresamagini.it\/it\/#website\",\"url\":\"https:\/\/www.impresamagini.it\/it\/\",\"name\":\"Impresa Edile Magini\",\"description\":\"Impresa Edile Magini a Cortona, Arezzo | Restauro di immobili in Toscana\",\"potentialAction\":[{\"@type\":\"SearchAction\",\"target\":{\"@type\":\"EntryPoint\",\"urlTemplate\":\"https:\/\/www.impresamagini.it\/it\/?s={search_term_string}\"},\"query-input\":{\"@type\":\"PropertyValueSpecification\",\"valueRequired\":true,\"valueName\":\"search_term_string\"}}],\"inLanguage\":\"it-IT\"}]}<\/script>\n<!-- \/ Yoast SEO plugin. -->","yoast_head_json":{"title":"Impresa Edile Magini a Cortona, Arezzo | Restauro di immobili in Toscana","description":"Restauro immobili d\u2019epoca, ristrutturazione, costruzione di edifici civili e industriali, progettazione, assistenza tecnica di cantiere, edilizia stradale e appalti pubblici in Toscana e Umbria.","robots":{"index":"index","follow":"follow","max-snippet":"max-snippet:-1","max-image-preview":"max-image-preview:large","max-video-preview":"max-video-preview:-1"},"canonical":"https:\/\/www.impresamagini.it\/it\/","og_locale":"it_IT","og_type":"article","og_title":"Impresa Edile Magini a Cortona, Arezzo | Restauro di immobili in Toscana","og_description":"Restauro immobili d\u2019epoca, ristrutturazione, costruzione di edifici civili e industriali, progettazione, assistenza tecnica di cantiere, edilizia stradale e appalti pubblici in Toscana e Umbria.","og_url":"https:\/\/www.impresamagini.it\/it\/","og_site_name":"Impresa Edile Magini","article_modified_time":"2024-11-29T17:44:20+00:00","twitter_card":"summary_large_image","twitter_misc":{"Tempo di lettura stimato":"6 minuti"},"schema":{"@context":"https:\/\/schema.org","@graph":[{"@type":"WebPage","@id":"https:\/\/www.impresamagini.it\/it\/","url":"https:\/\/www.impresamagini.it\/it\/","name":"Impresa Edile Magini a Cortona, Arezzo | Restauro di immobili in Toscana","isPartOf":{"@id":"https:\/\/www.impresamagini.it\/it\/#website"},"datePublished":"2019-11-25T19:12:44+00:00","dateModified":"2024-11-29T17:44:20+00:00","description":"Restauro immobili d\u2019epoca, ristrutturazione, costruzione di edifici civili e industriali, progettazione, assistenza tecnica di cantiere, edilizia stradale e appalti pubblici in Toscana e Umbria.","breadcrumb":{"@id":"https:\/\/www.impresamagini.it\/it\/#breadcrumb"},"inLanguage":"it-IT","potentialAction":[{"@type":"ReadAction","target":["https:\/\/www.impresamagini.it\/it\/"]}]},{"@type":"BreadcrumbList","@id":"https:\/\/www.impresamagini.it\/it\/#breadcrumb","itemListElement":[{"@type":"ListItem","position":1,"name":"Home","item":"https:\/\/www.impresamagini.it\/it\/"},{"@type":"ListItem","position":2,"name":"Home Page"}]},{"@type":"WebSite","@id":"https:\/\/www.impresamagini.it\/it\/#website","url":"https:\/\/www.impresamagini.it\/it\/","name":"Impresa Edile Magini","description":"Impresa Edile Magini a Cortona, Arezzo | Restauro di immobili in Toscana","potentialAction":[{"@type":"SearchAction","target":{"@type":"EntryPoint","urlTemplate":"https:\/\/www.impresamagini.it\/it\/?s={search_term_string}"},"query-input":{"@type":"PropertyValueSpecification","valueRequired":true,"valueName":"search_term_string"}}],"inLanguage":"it-IT"}]}},"_links":{"self":[{"href":"https:\/\/www.impresamagini.it\/it\/wp-json\/wp\/v2\/pages\/5","targetHints":{"allow":["GET"]}}],"collection":[{"href":"https:\/\/www.impresamagini.it\/it\/wp-json\/wp\/v2\/pages"}],"about":[{"href":"https:\/\/www.impresamagini.it\/it\/wp-json\/wp\/v2\/types\/page"}],"author":[{"embeddable":true,"href":"https:\/\/www.impresamagini.it\/it\/wp-json\/wp\/v2\/users\/1"}],"replies":[{"embeddable":true,"href":"https:\/\/www.impresamagini.it\/it\/wp-json\/wp\/v2\/comments?post=5"}],"version-history":[{"count":101,"href":"https:\/\/www.impresamagini.it\/it\/wp-json\/wp\/v2\/pages\/5\/revisions"}],"predecessor-version":[{"id":1431,"href":"https:\/\/www.impresamagini.it\/it\/wp-json\/wp\/v2\/pages\/5\/revisions\/1431"}],"wp:attachment":[{"href":"https:\/\/www.impresamagini.it\/it\/wp-json\/wp\/v2\/media?parent=5"}],"curies":[{"name":"wp","href":"https:\/\/api.w.org\/{rel}","templated":true}]}}