{"id":10,"date":"2020-02-19T09:27:48","date_gmt":"2020-02-19T08:27:48","guid":{"rendered":"https:\/\/www.impresamagini.it\/?page_id=10"},"modified":"2020-06-12T15:26:01","modified_gmt":"2020-06-12T13:26:01","slug":"informativa-cookies","status":"publish","type":"page","link":"https:\/\/www.impresamagini.it\/it\/informativa-cookies\/","title":{"rendered":"Informativa Cookies"},"content":{"rendered":"<section class=\"block-two-columns animate\">\n\t<div class=\"grid-container\">\n\t\t<div class=\"grid-x\">\n\t\t\t\t\t<\/div>\n\n\t\t\t\t\t<div class=\"grid-x align-center expand-content\">\n\t\t\t\t<div class=\"cell large-10 medium-10 small-12\">\n\t\t\t\t\t<div class=\"content-tbe\">\n\t\t\t\t\t\t<h1>Informativa estesa sull\u2019uso dei cookie nel sito<\/h1>\n<p>Con il presente documento, ai sensi del Regolamento UE 679\/2016 (GDPR) si forniscono agli utenti del sito alcune informazioni relative ai cookie utilizzati.<\/p>\n<h2>Che cosa sono i cookie<\/h2>\n<p>I cookies sono files che tengono conto delle preferenze dell\u2019utente internet e vengono memorizzati nel browser utilizzato (Internet Explorer, Mozilla Firefox, Google Chrome, ecc.) per migliorare l\u2019esperienza di navigazione e personalizzare contenuti in base alle preferenze dell\u2019utente stesso.\n<\/p>\n<p>Navigando su questo sito potrete ricevere nel vostro terminale anche cookie di \u201cterze parti\u201d poich\u00e9 sul sito web sono presenti elementi come che risiedono su server diversi da quello sul quale si trova la pagina richiesta.<\/p>\n<p>I cookie sono usati per eseguire autenticazioni informatiche, monitoraggio di sessioni e memorizzazione di informazioni specifiche riguardanti gli utenti che accedono al server per migliorare l&#8217;esperienza di navigazione e renderla il pi\u00f9 personalizzata possibile.<\/p>\n<h2>Cookie utilizzati nel sito<\/h2>\n<p>Questo sito utilizza solo cookie tecnici, rispetto ai quali, ai sensi del GDPR, non \u00e8 richiesto alcun consenso da parte dell\u2019interessato.<\/p>\n<h3>Il sito utilizza<\/h3>\n<ul>\n<li>Cookie tecnici necessari alla navigazione da parte dell\u2019utente, necessari per il corretto funzionamento di alcune aree del sito. In assenza di tali cookie, il sito o alcune porzioni di esso potrebbero non funzionare correttamente. Pertanto, vengono sempre utilizzati, indipendentemente dalle preferenze dall\u2019utente.<\/li>\n<li>Cookie tecnici funzionali, che agevolano la navigazione dell\u2019utente.<\/li>\n<li>Il cookie tecnico che, fino alla sua scadenza, non mostra il banner con l\u2019informativa breve all\u2019utente che ha gi\u00e0 visitato il sito e accettato il cookie.<\/li>\n<\/ul>\n<p>Tutti i cookie sopra elencati possono essere utilizzati senza chiedere il consenso dell\u2019utente, poich\u00e9 sono strettamente necessari per la fornitura del servizio.<\/p>\n<h3>Cookie di terze parti utilizzati nel sito<\/h3>\n<p>Attraverso questo sono installati alcuni cookie di terze parti, anche profilanti, che si attivano cliccando \u201caccetto\u201d sul banner o proseguendo la navigazione nel sito. Riportiamo il dettaglio dei singoli cookie di terze parti ed i link attraverso i quali l\u2019utente pu\u00f2 ricevere maggiori informazioni e richiederne la disattivazione.<\/p>\n<h3>Google Analytics<\/h3>\n<p>Il Sito utilizza Google Analytics, un servizio di analisi web fornito da Google Inc. che utilizza dei cookie che vengono depositati sul computer dell\u2019utente per consentire analisi statistiche in forma aggregata sull\u2019utilizzo del sito. I Dati generati da Google Analytics sono conservati da Google cos\u00ec come indicato nella Informativa reperibile <a href=\"https:\/\/developers.google.com\/analytics\/devguides\/collection\/analyticsjs\/cookie-usage\" target=\"_blank\" rel=\"noopener\">qui<\/a>.<\/p>\n<p>Per consultare l\u2019informativa privacy della societ\u00e0 Google Inc., titolare autonomo del trattamento dei dati relativi al servizio Google Analytics cliccare <a href=\"https:\/\/www.google.com\/intl\/it_ALL\/analytics\/learn\/privacy.html\" target=\"_blank\" rel=\"noopener\">qui<\/a>.<\/p>\n<p>Attraverso questo <a href=\"https:\/\/tools.google.com\/dlpage\/gaoptout?hl=it\" target=\"_blank\" rel=\"noopener\">link<\/a> Google rende disponibile il componente aggiuntivo del browser per la disattivazione di Google Analytics<\/p>\n<p>.<\/p>\n<h3>Social network<\/h3>\n<p>I Social buttons sono pulsanti presenti sul sito consentono agli utenti che stanno navigando di interagire con un \u201cclick\u201d direttamente con i social network.<\/p>\n<p>Sono utilizzati da questo sito come link che rinviano agli account del titolare o del navigatore sul social network individuato. Tramite l\u2019utilizzo di tali pulsanti non sono pertanto installati su questo sito cookie di terze parti. Si riportano i link ove l\u2019utente pu\u00f2 prendere visione dell\u2019informativa privacy relativa alla gestione dei dati da parte dei Social cui i pulsanti rinviano.<\/p>\n<p><a href=\"https:\/\/help.twitter.com\/it\/rules-and-policies\/twitter-cookies\" target=\"_blank\" rel=\"noopener\">Twitter Policy Link<\/a><br \/>\n<a href=\"https:\/\/www.facebook.com\/policies\/cookies\/\" target=\"_blank\" rel=\"noopener\">Facebook Policy Link<\/a><br \/>\n<a href=\"https:\/\/www.linkedin.com\/legal\/cookie_policy\" target=\"_blank\" rel=\"noopener\">Linkedin Policy Link<\/a><br \/>\n<a href=\"https:\/\/policies.google.com\/privacy?hl=it\" target=\"_blank\" rel=\"noopener\">Google+ Policy Link<\/a><br \/>\n<a href=\"https:\/\/policy.pinterest.com\/it\/privacy-policy\" target=\"_blank\" rel=\"noopener\">Pinterest Policy Link<\/a><\/p>\n<h3>Web Fonts<\/h3>\n<p>Google Fonts \u00e8 un servizio di Google Inc. che permette di inglobare e visualizzare stili di carattere personalizzati. Pu\u00f2 raccogliere nei cookies dati di utilizzo.<\/p>\n<p><a href=\"https:\/\/policies.google.com\/privacy?hl=en&amp;gl=it\" target=\"_blank\" rel=\"noopener\">Google Policy Link<\/a><\/p>\n<h3>YouTube e Vimeo<\/h3>\n<p>YouTube (gestito da Google Inc.) e Vimeo sono servizi dedicati alla visualizzazione di contenuti video con la possibilit\u00e0 di integrare i filmati all\u2019interno delle pagine del proprio sito. Entrambi raccolgono nei cookies dati di utilizzo.<\/p>\n<p><a href=\"https:\/\/policies.google.com\/privacy?hl=it&amp;gl=it\" target=\"_blank\" rel=\"noopener\">YouTube Policy Link<\/a><br \/><a href=\"https:\/\/vimeo.com\/privacy\" target=\"_blank\" rel=\"noopener\">Vimeo Policy Link<\/a><\/p>\n<h2>Modalit\u00e0 del trattamento<\/h2>\n<p>Il trattamento viene effettuato con strumenti automatizzati e non viene effettuata alcuna diffusione o comunicazione.<\/p>\n<h2>Conferimento dei dati<\/h2>\n<p>Fatta eccezione per i cookie tecnici strettamente necessari alla normale navigazione, il conferimento dei dati \u00e8 rimesso alla volont\u00e0 dell\u2019interessato che decida di navigare sul sito dopo aver preso visione dell\u2019informativa breve contenuta nell\u2019apposito banner e di usufruire dei servizi che comportano l\u2019installazione di cookie.<\/p>\n<h2>Conservazione dei cookies<\/h2>\n<p>L\u2019utilizzo dei cookies avverr\u00e0 nel pieno rispetto del GDPR per il tempo necessario al conseguimento degli scopi per cui i dati sono stati raccolti e, in ogni caso, non oltre 3 anni dalla loro raccolta.<\/p>\n<h2>Disabilitazione dei cookie<\/h2>\n<p>Fermo restando quanto sopra indicato in ordine ai cookie strettamente necessari alla navigazione, l\u2019utente pu\u00f2 gestire o liminare gli altri cookie direttamente tramite il proprio browser.<\/p>\n<p>Potrete gestire le tipologie di cookies per le quali fornire l\u2019autorizzazione all\u2019uso anche dopo averla concessa cliccando qui: <a href=\";\" id=\"ct-ultimate-gdpr-cookie-open\" style=\"position: relative;padding: 0;margin: 0;bottom: 0;right: 0;font-family: Roboto,Helvetica,Arial,sans-serif;font-size: inherit\">Impostazioni consenso cookie<\/a>. Ciascun browser presenta comunque procedure diverse per la gestione delle impostazioni. L\u2019utente pu\u00f2 ottenere istruzioni specifiche attraverso i link sottostanti.<\/p>\n<p><a href=\"https:\/\/support.microsoft.com\/en-us\/help\/17442\/windows-internet-explorer-delete-manage-cookies\" target=\"_blank\" rel=\"noopener\">Microsoft Internet Explorer<\/a><br \/>\n<a href=\"https:\/\/support.google.com\/chrome\/answer\/95647?hl=it&amp;p=cpn_cookies\" target=\"_blank\" rel=\"noopener\">Google Chrome<\/a><br \/>\n<a href=\"https:\/\/support.mozilla.org\/it\/kb\/Attivare%20e%20disattivare%20i%20cookie\" target=\"_blank\" rel=\"noopener\">Mozilla Firefox<\/a><br \/>\n<a href=\"https:\/\/support.apple.com\/kb\/PH17191?viewlocale=it_IT&amp;locale=it_IT\" target=\"_blank\" rel=\"noopener\">Apple Safari<\/a><br \/>\n<a href=\"http:\/\/help.opera.com\/Windows\/10.00\/it\/cookies.html\" target=\"_blank\" rel=\"noopener\">Opera<\/a><\/p>\n<p>La disattivazione dei cookie di terze parti \u00e8 inoltre possibile attraverso le modalit\u00e0 rese disponibili direttamente dalla societ\u00e0 terza titolare per detto trattamento, come indicato ai link riportati nel paragrafo \u201cCookie di terze parti utilizzati nel sito\u201d.<\/p>\n<h2>Diritti dell\u2019interessato<\/h2>\n<p>L\u2019interessato potr\u00e0 far valere in ogni momento, rivolgendosi al titolare del trattamento tramite l\u2019invio di una mail i diritti di cui al Regolamento UE 679\/2016.<\/p>\n\t\t\t\t\t<\/div>\n\t\t\t\t\t<button class=\"read-more\">Continua a leggere &#8230;<\/button>\n\t\t\t\t<\/div>\n\t\t\t<\/div>\n\t\t\t<\/div>\n<\/section>\n\n\n<section class=\"block-certification animate\">\n\t<div class=\"grid-container\">\n\t\t<div class=\"grid-x grid-padding-x align-middle align-justify certification-wrapper\">\n\n\t\t\t<div class=\"cell large-auto medium-12 small-12\">\n\t\t\t\t<div class=\"grid-x grid-padding-x align-center-middle\">\n\t\t\t\t\t<div class=\"cell large-12 medium-12 small-12\">\n\t\t\t\t\t\t<p><a href=\"\">Azienda Certificata:<\/a><\/p>\n\t\t\t\t\t<\/div>\n\t\t\t\t\t\t\t\t\t\t<div class=\"cell large-shrink medium-shrink small-shrink\">\n\t\t\t\t\t\t<picture>\n\t\t\t\t\t\t\t<img loading=\"lazy\" decoding=\"async\" width=\"100\" height=\"100\" src=\"https:\/\/www.impresamagini.it\/wp-content\/uploads\/2020\/02\/OHSAS.png\" class=\"attachment-medium size-medium\" alt=\"Impresa Edile Magini a Cortona, AR | Restauro di immobili in Toscana\" \/>\t\t\t\t\t\t<\/picture>\n\t\t\t\t\t<\/div>\n\t\t\t\t\t\t\t\t\t\t<div class=\"cell large-shrink medium-shrink small-shrink\">\n\t\t\t\t\t\t<picture>\n\t\t\t\t\t\t\t<img loading=\"lazy\" decoding=\"async\" width=\"100\" height=\"100\" src=\"https:\/\/www.impresamagini.it\/wp-content\/uploads\/2020\/02\/ISO9001.png\" class=\"attachment-medium size-medium\" alt=\"Impresa Edile Magini a Cortona, Arezzo | Restauro di immobili in Toscana\" \/>\t\t\t\t\t\t<\/picture>\n\t\t\t\t\t<\/div>\n\t\t\t\t\t\t\t\t\t\t<div class=\"cell large-shrink medium-shrink small-shrink\">\n\t\t\t\t\t\t<picture>\n\t\t\t\t\t\t\t<img loading=\"lazy\" decoding=\"async\" width=\"112\" height=\"112\" src=\"https:\/\/www.impresamagini.it\/wp-content\/uploads\/2020\/04\/agcm.jpg\" class=\"attachment-medium size-medium\" alt=\"\" \/>\t\t\t\t\t\t<\/picture>\n\t\t\t\t\t<\/div>\n\t\t\t\t\t\t\t\t\t\t<div class=\"cell large-shrink medium-shrink small-shrink\">\n\t\t\t\t\t\t<picture>\n\t\t\t\t\t\t\t<img loading=\"lazy\" decoding=\"async\" width=\"300\" height=\"89\" src=\"https:\/\/www.impresamagini.it\/wp-content\/uploads\/2020\/02\/CQOP-300x89.png\" class=\"attachment-medium size-medium\" alt=\"Impresa Edile Magini a Cortona, Arezzo | Restauro di immobili in Toscana\" srcset=\"https:\/\/www.impresamagini.it\/wp-content\/uploads\/2020\/02\/CQOP-300x89.png 300w, https:\/\/www.impresamagini.it\/wp-content\/uploads\/2020\/02\/CQOP.png 336w\" sizes=\"auto, (max-width: 300px) 100vw, 300px\" \/>\t\t\t\t\t\t<\/picture>\n\t\t\t\t\t<\/div>\n\t\t\t\t\t\t\t\t\t<\/div>\n\t\t\t<\/div>\n\n\t\t\t<div class=\"cell large-auto medium-12 small-12\">\n\t\t\t\t<div class=\"grid-x grid-padding-x grid-margin-x align-center-middle\">\n\t\t\t\t\t<div class=\"cell large-12 medium-12 small-12\">\n\t\t\t\t\t\t<p><a href=\"\">Ruoli istituzionali:<\/a><\/p>\n\t\t\t\t\t<\/div>\n\t\t\t\t\t\t\t\t\t\t<div class=\"cell large-shrink medium-shrink small-shrink\">\n\t\t\t\t\t\t<picture>\n\t\t\t\t\t\t\t<img loading=\"lazy\" decoding=\"async\" width=\"190\" height=\"107\" src=\"https:\/\/www.impresamagini.it\/wp-content\/uploads\/2020\/04\/cassa-edile-arezzo.jpg\" class=\"attachment-medium size-medium\" alt=\"\" \/>\t\t\t\t\t\t<\/picture>\n\t\t\t\t\t<\/div>\n\t\t\t\t\t\t\t\t\t\t<div class=\"cell large-shrink medium-shrink small-shrink\">\n\t\t\t\t\t\t<picture>\n\t\t\t\t\t\t\t<img loading=\"lazy\" decoding=\"async\" width=\"190\" height=\"107\" src=\"https:\/\/www.impresamagini.it\/wp-content\/uploads\/2020\/04\/ance-arezzo.jpg\" class=\"attachment-medium size-medium\" alt=\"\" \/>\t\t\t\t\t\t<\/picture>\n\t\t\t\t\t<\/div>\n\t\t\t\t\t\t\t\t\t<\/div>\n\t\t\t<\/div>\n\n\t\t<\/div>\n\t<\/div>\n<\/section>\n","protected":false},"excerpt":{"rendered":"","protected":false},"author":6,"featured_media":27,"parent":0,"menu_order":0,"comment_status":"closed","ping_status":"closed","template":"","meta":{"_acf_changed":false,"_monsterinsights_skip_tracking":false,"_monsterinsights_sitenote_active":false,"_monsterinsights_sitenote_note":"","_monsterinsights_sitenote_category":0,"footnotes":""},"class_list":["post-10","page","type-page","status-publish","has-post-thumbnail","hentry"],"acf":[],"yoast_head":"<!-- This site is optimized with the Yoast SEO plugin v23.9 - https:\/\/yoast.com\/wordpress\/plugins\/seo\/ -->\n<title>Informativa Cookies - Impresa Edile Magini<\/title>\n<meta name=\"robots\" content=\"index, follow, max-snippet:-1, max-image-preview:large, max-video-preview:-1\" \/>\n<link rel=\"canonical\" href=\"https:\/\/www.impresamagini.it\/it\/informativa-cookies\/\" \/>\n<meta property=\"og:locale\" content=\"it_IT\" \/>\n<meta property=\"og:type\" content=\"article\" \/>\n<meta property=\"og:title\" content=\"Informativa Cookies - Impresa Edile Magini\" \/>\n<meta property=\"og:url\" content=\"https:\/\/www.impresamagini.it\/it\/informativa-cookies\/\" \/>\n<meta property=\"og:site_name\" content=\"Impresa Edile Magini\" \/>\n<meta property=\"article:modified_time\" content=\"2020-06-12T13:26:01+00:00\" \/>\n<meta property=\"og:image\" content=\"https:\/\/www.impresamagini.it\/wp-content\/uploads\/2020\/02\/cookies.jpg\" \/>\n\t<meta property=\"og:image:width\" content=\"1920\" \/>\n\t<meta property=\"og:image:height\" content=\"1280\" \/>\n\t<meta property=\"og:image:type\" content=\"image\/jpeg\" \/>\n<meta name=\"twitter:card\" content=\"summary_large_image\" \/>\n<script type=\"application\/ld+json\" class=\"yoast-schema-graph\">{\"@context\":\"https:\/\/schema.org\",\"@graph\":[{\"@type\":\"WebPage\",\"@id\":\"https:\/\/www.impresamagini.it\/it\/informativa-cookies\/\",\"url\":\"https:\/\/www.impresamagini.it\/it\/informativa-cookies\/\",\"name\":\"Informativa Cookies - Impresa Edile Magini\",\"isPartOf\":{\"@id\":\"https:\/\/www.impresamagini.it\/it\/#website\"},\"primaryImageOfPage\":{\"@id\":\"https:\/\/www.impresamagini.it\/it\/informativa-cookies\/#primaryimage\"},\"image\":{\"@id\":\"https:\/\/www.impresamagini.it\/it\/informativa-cookies\/#primaryimage\"},\"thumbnailUrl\":\"https:\/\/www.impresamagini.it\/wp-content\/uploads\/2020\/02\/cookies.jpg\",\"datePublished\":\"2020-02-19T08:27:48+00:00\",\"dateModified\":\"2020-06-12T13:26:01+00:00\",\"breadcrumb\":{\"@id\":\"https:\/\/www.impresamagini.it\/it\/informativa-cookies\/#breadcrumb\"},\"inLanguage\":\"it-IT\",\"potentialAction\":[{\"@type\":\"ReadAction\",\"target\":[\"https:\/\/www.impresamagini.it\/it\/informativa-cookies\/\"]}]},{\"@type\":\"ImageObject\",\"inLanguage\":\"it-IT\",\"@id\":\"https:\/\/www.impresamagini.it\/it\/informativa-cookies\/#primaryimage\",\"url\":\"https:\/\/www.impresamagini.it\/wp-content\/uploads\/2020\/02\/cookies.jpg\",\"contentUrl\":\"https:\/\/www.impresamagini.it\/wp-content\/uploads\/2020\/02\/cookies.jpg\",\"width\":1920,\"height\":1280},{\"@type\":\"BreadcrumbList\",\"@id\":\"https:\/\/www.impresamagini.it\/it\/informativa-cookies\/#breadcrumb\",\"itemListElement\":[{\"@type\":\"ListItem\",\"position\":1,\"name\":\"Home\",\"item\":\"https:\/\/www.impresamagini.it\/it\/\"},{\"@type\":\"ListItem\",\"position\":2,\"name\":\"Informativa Cookies\"}]},{\"@type\":\"WebSite\",\"@id\":\"https:\/\/www.impresamagini.it\/it\/#website\",\"url\":\"https:\/\/www.impresamagini.it\/it\/\",\"name\":\"Impresa Edile Magini\",\"description\":\"Impresa Edile Magini a Cortona, Arezzo | Restauro di immobili in Toscana\",\"potentialAction\":[{\"@type\":\"SearchAction\",\"target\":{\"@type\":\"EntryPoint\",\"urlTemplate\":\"https:\/\/www.impresamagini.it\/it\/?s={search_term_string}\"},\"query-input\":{\"@type\":\"PropertyValueSpecification\",\"valueRequired\":true,\"valueName\":\"search_term_string\"}}],\"inLanguage\":\"it-IT\"}]}<\/script>\n<!-- \/ Yoast SEO plugin. -->","yoast_head_json":{"title":"Informativa Cookies - Impresa Edile Magini","robots":{"index":"index","follow":"follow","max-snippet":"max-snippet:-1","max-image-preview":"max-image-preview:large","max-video-preview":"max-video-preview:-1"},"canonical":"https:\/\/www.impresamagini.it\/it\/informativa-cookies\/","og_locale":"it_IT","og_type":"article","og_title":"Informativa Cookies - Impresa Edile Magini","og_url":"https:\/\/www.impresamagini.it\/it\/informativa-cookies\/","og_site_name":"Impresa Edile Magini","article_modified_time":"2020-06-12T13:26:01+00:00","og_image":[{"width":1920,"height":1280,"url":"https:\/\/www.impresamagini.it\/wp-content\/uploads\/2020\/02\/cookies.jpg","type":"image\/jpeg"}],"twitter_card":"summary_large_image","schema":{"@context":"https:\/\/schema.org","@graph":[{"@type":"WebPage","@id":"https:\/\/www.impresamagini.it\/it\/informativa-cookies\/","url":"https:\/\/www.impresamagini.it\/it\/informativa-cookies\/","name":"Informativa Cookies - Impresa Edile Magini","isPartOf":{"@id":"https:\/\/www.impresamagini.it\/it\/#website"},"primaryImageOfPage":{"@id":"https:\/\/www.impresamagini.it\/it\/informativa-cookies\/#primaryimage"},"image":{"@id":"https:\/\/www.impresamagini.it\/it\/informativa-cookies\/#primaryimage"},"thumbnailUrl":"https:\/\/www.impresamagini.it\/wp-content\/uploads\/2020\/02\/cookies.jpg","datePublished":"2020-02-19T08:27:48+00:00","dateModified":"2020-06-12T13:26:01+00:00","breadcrumb":{"@id":"https:\/\/www.impresamagini.it\/it\/informativa-cookies\/#breadcrumb"},"inLanguage":"it-IT","potentialAction":[{"@type":"ReadAction","target":["https:\/\/www.impresamagini.it\/it\/informativa-cookies\/"]}]},{"@type":"ImageObject","inLanguage":"it-IT","@id":"https:\/\/www.impresamagini.it\/it\/informativa-cookies\/#primaryimage","url":"https:\/\/www.impresamagini.it\/wp-content\/uploads\/2020\/02\/cookies.jpg","contentUrl":"https:\/\/www.impresamagini.it\/wp-content\/uploads\/2020\/02\/cookies.jpg","width":1920,"height":1280},{"@type":"BreadcrumbList","@id":"https:\/\/www.impresamagini.it\/it\/informativa-cookies\/#breadcrumb","itemListElement":[{"@type":"ListItem","position":1,"name":"Home","item":"https:\/\/www.impresamagini.it\/it\/"},{"@type":"ListItem","position":2,"name":"Informativa Cookies"}]},{"@type":"WebSite","@id":"https:\/\/www.impresamagini.it\/it\/#website","url":"https:\/\/www.impresamagini.it\/it\/","name":"Impresa Edile Magini","description":"Impresa Edile Magini a Cortona, Arezzo | Restauro di immobili in Toscana","potentialAction":[{"@type":"SearchAction","target":{"@type":"EntryPoint","urlTemplate":"https:\/\/www.impresamagini.it\/it\/?s={search_term_string}"},"query-input":{"@type":"PropertyValueSpecification","valueRequired":true,"valueName":"search_term_string"}}],"inLanguage":"it-IT"}]}},"_links":{"self":[{"href":"https:\/\/www.impresamagini.it\/it\/wp-json\/wp\/v2\/pages\/10","targetHints":{"allow":["GET"]}}],"collection":[{"href":"https:\/\/www.impresamagini.it\/it\/wp-json\/wp\/v2\/pages"}],"about":[{"href":"https:\/\/www.impresamagini.it\/it\/wp-json\/wp\/v2\/types\/page"}],"author":[{"embeddable":true,"href":"https:\/\/www.impresamagini.it\/it\/wp-json\/wp\/v2\/users\/6"}],"replies":[{"embeddable":true,"href":"https:\/\/www.impresamagini.it\/it\/wp-json\/wp\/v2\/comments?post=10"}],"version-history":[{"count":12,"href":"https:\/\/www.impresamagini.it\/it\/wp-json\/wp\/v2\/pages\/10\/revisions"}],"predecessor-version":[{"id":1391,"href":"https:\/\/www.impresamagini.it\/it\/wp-json\/wp\/v2\/pages\/10\/revisions\/1391"}],"wp:featuredmedia":[{"embeddable":true,"href":"https:\/\/www.impresamagini.it\/it\/wp-json\/wp\/v2\/media\/27"}],"wp:attachment":[{"href":"https:\/\/www.impresamagini.it\/it\/wp-json\/wp\/v2\/media?parent=10"}],"curies":[{"name":"wp","href":"https:\/\/api.w.org\/{rel}","templated":true}]}}